{"id":133,"date":"2021-09-19T12:09:47","date_gmt":"2021-09-19T12:09:47","guid":{"rendered":"https:\/\/www.ketokaritsa.fi\/?page_id=133"},"modified":"2026-04-13T18:26:58","modified_gmt":"2026-04-13T18:26:58","slug":"seuraa-meita","status":"publish","type":"page","link":"https:\/\/www.ketokaritsa.fi\/","title":{"rendered":"Tervetuloa meille"},"content":{"rendered":"\n<p class=\"has-black-color has-white-background-color has-text-color has-background has-link-color wp-elements-335e63c6dd694d9ba02bdb29fb1b0ef3\">Tuotamme rakkaudella karitsan lihaa l\u00e4hiseudun ihmisten ja matkailijoiden vatsant\u00e4ytteeksi. Lis\u00e4ksi meilt\u00e4 l\u00f6yd\u00e4t ihanat lampaantaljat ja lammastaljatuotteet. <\/p>\n\n\n\n<p class=\"has-black-color has-white-background-color has-text-color has-background has-link-color wp-elements-84cc3bfe612c90a96346f16e0936796f\">Soittamalla tai s\u00e4hk\u00f6postilla tavoitat meid\u00e4t parhaiten.<\/p>\n\n\n\n<p class=\"has-black-color has-white-background-color has-text-color has-background has-link-color wp-elements-19f668dcb15a30f27930285c3d205ab0\">Verkkokauppamme avautuu pian<\/p>\n\n\n\n<p><\/p>\n\n\n\n\n\n<p><\/p>\n\n\n\n<p class=\"has-luminous-vivid-amber-color has-text-color has-link-color has-large-font-size wp-elements-51fc74703d5fce0db06348b67abc0882\"><\/p>\n\n\n\n<p><\/p>\n\n\n\n<p><\/p>\n\n\n\n<p><\/p>\n\n\n\n<p><\/p>\n\n\n\n<p><\/p>\n\n\n\n<p><\/p>\n\n\n\n<p><\/p>\n\n\n\n<p><\/p>\n\n\n\n<p><\/p>\n\n\n\n<p><\/p>\n\n\n\n<p><\/p>\n\n\n\n<p><\/p>\n\n\n\n<p><\/p>\n\n\n\n<p><\/p>\n\n\n\n<p><\/p>\n\n\n\n<p><\/p>\n\n\n\n<p><\/p>\n\n\n\n<p><\/p>\n\n\n\n<p><\/p>\n\n\n\n<p><\/p>\n\n\n\n<p><\/p>\n\n\n\n<p><\/p>\n\n\n\n<p><\/p>\n\n\n\n<p><\/p>\n\n\n\n<p><\/p>\n\n\n\n<p><\/p>\n\n\n\n<p><\/p>\n\n\n\n<p><\/p>\n\n\n\n<p><\/p>\n\n\n\n<p><\/p>\n\n\n\n<p><\/p>\n\n\n\n<p><\/p>\n\n\n\n<p><\/p>\n\n\n\n<p><\/p>\n\n\n\n<p><\/p>\n\n\n\n<p><\/p>\n\n\n\n<p><\/p>\n\n\n\n<p><\/p>\n\n\n\n<p><\/p>\n\n\n\n<p><\/p>\n\n\n\n<p><\/p>\n\n\n\n<p><\/p>\n\n\n\n<p><\/p>\n\n\n\n<p><\/p>\n\n\n\n<p><\/p>\n\n\n\n<p><\/p>\n\n\n\n\n\n<p><\/p>\n","protected":false},"excerpt":{"rendered":"<p>Tuotamme rakkaudella karitsan lihaa l\u00e4hiseudun ihmisten ja matkailijoiden vatsant\u00e4ytteeksi. Lis\u00e4ksi meilt\u00e4 l\u00f6yd\u00e4t ihanat lampaantaljat ja lammastaljatuotteet. Soittamalla tai s\u00e4hk\u00f6postilla tavoitat meid\u00e4t parhaiten. Verkkokauppamme avautuu pian<\/p>\n","protected":false},"author":1,"featured_media":0,"parent":0,"menu_order":0,"comment_status":"closed","ping_status":"closed","template":"","meta":{"footnotes":""},"class_list":["post-133","page","type-page","status-publish","hentry"],"_links":{"self":[{"href":"https:\/\/www.ketokaritsa.fi\/index.php\/wp-json\/wp\/v2\/pages\/133","targetHints":{"allow":["GET"]}}],"collection":[{"href":"https:\/\/www.ketokaritsa.fi\/index.php\/wp-json\/wp\/v2\/pages"}],"about":[{"href":"https:\/\/www.ketokaritsa.fi\/index.php\/wp-json\/wp\/v2\/types\/page"}],"author":[{"embeddable":true,"href":"https:\/\/www.ketokaritsa.fi\/index.php\/wp-json\/wp\/v2\/users\/1"}],"replies":[{"embeddable":true,"href":"https:\/\/www.ketokaritsa.fi\/index.php\/wp-json\/wp\/v2\/comments?post=133"}],"version-history":[{"count":20,"href":"https:\/\/www.ketokaritsa.fi\/index.php\/wp-json\/wp\/v2\/pages\/133\/revisions"}],"predecessor-version":[{"id":253,"href":"https:\/\/www.ketokaritsa.fi\/index.php\/wp-json\/wp\/v2\/pages\/133\/revisions\/253"}],"wp:attachment":[{"href":"https:\/\/www.ketokaritsa.fi\/index.php\/wp-json\/wp\/v2\/media?parent=133"}],"curies":[{"name":"wp","href":"https:\/\/api.w.org\/{rel}","templated":true}]}}